{"id":18000,"date":"2023-08-13T17:46:08","date_gmt":"2023-08-13T15:46:08","guid":{"rendered":"https:\/\/www.ermitanoexpediciones.com\/404-2\/"},"modified":"2025-12-26T11:30:03","modified_gmt":"2025-12-26T10:30:03","slug":"404-2","status":"publish","type":"page","link":"https:\/\/www.ermitanoexpediciones.com\/nl\/404-2\/","title":{"rendered":"404"},"content":{"rendered":"\t\t<div data-elementor-type=\"wp-page\" data-elementor-id=\"18000\" class=\"elementor elementor-18000 elementor-1827\">\n\t\t\t\t\t\t<section class=\"has_eae_slider elementor-section elementor-top-section elementor-element elementor-element-a5500da elementor-section-boxed elementor-section-height-default elementor-section-height-default\" data-eae-slider=\"12699\" data-id=\"a5500da\" data-element_type=\"section\" data-e-type=\"section\">\n\t\t\t\t\t\t<div class=\"elementor-container elementor-column-gap-default\">\n\t\t\t\t\t<div class=\"has_eae_slider elementor-column elementor-col-100 elementor-top-column elementor-element elementor-element-613bf80\" data-eae-slider=\"13079\" data-id=\"613bf80\" data-element_type=\"column\" data-e-type=\"column\">\n\t\t\t<div class=\"elementor-widget-wrap elementor-element-populated\">\n\t\t\t\t\t\t<div class=\"elementor-element elementor-element-f110b23 elementor-widget elementor-widget-heading\" data-id=\"f110b23\" data-element_type=\"widget\" data-e-type=\"widget\" data-widget_type=\"heading.default\">\n\t\t\t\t<div class=\"elementor-widget-container\">\n\t\t\t\t\t<h2 class=\"elementor-heading-title elementor-size-default\">404 - Pagina niet gevonden<\/h2>\t\t\t\t<\/div>\n\t\t\t\t<\/div>\n\t\t\t\t<div class=\"elementor-element elementor-element-23de3e7 elementor-widget elementor-widget-text-editor\" data-id=\"23de3e7\" data-element_type=\"widget\" data-e-type=\"widget\" data-widget_type=\"text-editor.default\">\n\t\t\t\t<div class=\"elementor-widget-container\">\n\t\t\t\t\t\t\t\t\t<p><span style=\"color: #000000; font-size: 14pt;\">U zou niet zijn verdwaald als u de ervaren gidsen van Ermita\u00f1o Expediciones had gevolgd&#8230;<\/span><\/p>\n\t\t\t\t\t\t\t\t<\/div>\n\t\t\t\t<\/div>\n\t\t\t\t<div class=\"elementor-element elementor-element-f58bfc4 elementor-widget elementor-widget-text-editor\" data-id=\"f58bfc4\" data-element_type=\"widget\" data-e-type=\"widget\" data-widget_type=\"text-editor.default\">\n\t\t\t\t<div class=\"elementor-widget-container\">\n\t\t\t\t\t\t\t\t\t<p><em><span style=\"font-size: 14pt; font-family: georgia, palatino, serif;\">Maar je hebt nog tijd om het avontuur met Ermita\u00f1o Expediciones te beleven!<\/span><\/em><br data-start=\"253\" data-end=\"256\"><em><span style=\"font-size: 14pt; font-family: georgia, palatino, serif;\">\ud83d\udc47 Klik hieronder om terug te gaan naar de startpagina en je volgende expeditie te kiezen \ud83c\udf0b\ud83c\udf32<\/span><\/em><\/p>\n\t\t\t\t\t\t\t\t<\/div>\n\t\t\t\t<\/div>\n\t\t\t\t\t<\/div>\n\t\t<\/div>\n\t\t\t\t\t<\/div>\n\t\t<\/section>\n\t\t\t\t<section class=\"has_eae_slider elementor-section elementor-top-section elementor-element elementor-element-877aacc elementor-section-boxed elementor-section-height-default elementor-section-height-default\" data-eae-slider=\"65006\" data-id=\"877aacc\" data-element_type=\"section\" data-e-type=\"section\">\n\t\t\t\t\t\t<div class=\"elementor-container elementor-column-gap-default\">\n\t\t\t\t\t<div class=\"has_eae_slider elementor-column elementor-col-100 elementor-top-column elementor-element elementor-element-f4194b1\" data-eae-slider=\"42009\" data-id=\"f4194b1\" data-element_type=\"column\" data-e-type=\"column\">\n\t\t\t<div class=\"elementor-widget-wrap elementor-element-populated\">\n\t\t\t\t\t\t<div class=\"elementor-element elementor-element-69c22c1 elementor-button-info elementor-align-center elementor-widget elementor-widget-button\" data-id=\"69c22c1\" data-element_type=\"widget\" data-e-type=\"widget\" data-widget_type=\"button.default\">\n\t\t\t\t<div class=\"elementor-widget-container\">\n\t\t\t\t\t\t\t\t\t<div class=\"elementor-button-wrapper\">\n\t\t\t\t\t<a class=\"elementor-button elementor-button-link elementor-size-xl\" href=\"https:\/\/www.ermitanoexpediciones.com\/nl\/\">\n\t\t\t\t\t\t<span class=\"elementor-button-content-wrapper\">\n\t\t\t\t\t\t<span class=\"elementor-button-icon\">\n\t\t\t\t<i aria-hidden=\"true\" class=\"far fa-caret-square-left\"><\/i>\t\t\t<\/span>\n\t\t\t\t\t\t\t\t\t<span class=\"elementor-button-text\">Terug naar de homepage<\/span>\n\t\t\t\t\t<\/span>\n\t\t\t\t\t<\/a>\n\t\t\t\t<\/div>\n\t\t\t\t\t\t\t\t<\/div>\n\t\t\t\t<\/div>\n\t\t\t\t\t<\/div>\n\t\t<\/div>\n\t\t\t\t\t<\/div>\n\t\t<\/section>\n\t\t\t\t<section class=\"has_eae_slider elementor-section elementor-top-section elementor-element elementor-element-1ef4568 elementor-section-boxed elementor-section-height-default elementor-section-height-default\" data-eae-slider=\"33585\" data-id=\"1ef4568\" data-element_type=\"section\" data-e-type=\"section\">\n\t\t\t\t\t\t<div class=\"elementor-container elementor-column-gap-default\">\n\t\t\t\t\t<div class=\"has_eae_slider elementor-column elementor-col-100 elementor-top-column elementor-element elementor-element-13cd1a3\" data-eae-slider=\"15982\" data-id=\"13cd1a3\" data-element_type=\"column\" data-e-type=\"column\">\n\t\t\t<div class=\"elementor-widget-wrap elementor-element-populated\">\n\t\t\t\t\t\t<div class=\"elementor-element elementor-element-1abd032 elementor-widget elementor-widget-spacer\" data-id=\"1abd032\" data-element_type=\"widget\" data-e-type=\"widget\" data-widget_type=\"spacer.default\">\n\t\t\t\t<div class=\"elementor-widget-container\">\n\t\t\t\t\t\t\t<div class=\"elementor-spacer\">\n\t\t\t<div class=\"elementor-spacer-inner\"><\/div>\n\t\t<\/div>\n\t\t\t\t\t\t<\/div>\n\t\t\t\t<\/div>\n\t\t\t\t\t<\/div>\n\t\t<\/div>\n\t\t\t\t\t<\/div>\n\t\t<\/section>\n\t\t\t\t<\/div>\n\t\t","protected":false},"excerpt":{"rendered":"<p>404 &#8211; Pagina niet gevonden U zou niet zijn verdwaald als u de ervaren gidsen van Ermita\u00f1o Expediciones had gevolgd&#8230; Maar je hebt nog tijd om het avontuur met Ermita\u00f1o Expediciones te beleven!\ud83d\udc47 Klik hieronder om terug te gaan naar de startpagina en je volgende expeditie te kiezen \ud83c\udf0b\ud83c\udf32 Terug naar de homepage<\/p>\n","protected":false},"author":1,"featured_media":18001,"parent":0,"menu_order":17,"comment_status":"closed","ping_status":"closed","template":"","meta":{"footnotes":""},"categories":[630],"class_list":["post-18000","page","type-page","status-publish","has-post-thumbnail","hentry","category-taal"],"yoast_head":"<!-- This site is optimized with the Yoast SEO plugin v27.2 - https:\/\/yoast.com\/product\/yoast-seo-wordpress\/ -->\n<title>404 - Ermitano Expediciones<\/title>\n<meta name=\"description\" content=\"Pagina niet gevonden. Misschien ben je verdwaald, maar je kunt nog steeds meedoen aan het avontuur met Ermita\u00f1o Expediciones. Bekijk onze tours vanuit Puc\u00f3n!\" \/>\n<meta name=\"robots\" content=\"index, follow, max-snippet:-1, max-image-preview:large, max-video-preview:-1\" \/>\n<link rel=\"canonical\" href=\"https:\/\/www.ermitanoexpediciones.com\/nl\/404-2\/\" \/>\n<meta property=\"og:locale\" content=\"nl_NL\" \/>\n<meta property=\"og:type\" content=\"article\" \/>\n<meta property=\"og:title\" content=\"404 - Ermitano Expediciones\" \/>\n<meta property=\"og:description\" content=\"Pagina niet gevonden. Misschien ben je verdwaald, maar je kunt nog steeds meedoen aan het avontuur met Ermita\u00f1o Expediciones. Bekijk onze tours vanuit Puc\u00f3n!\" \/>\n<meta property=\"og:url\" content=\"https:\/\/www.ermitanoexpediciones.com\/nl\/404-2\/\" \/>\n<meta property=\"og:site_name\" content=\"Ermitano Expediciones\" \/>\n<meta property=\"article:publisher\" content=\"https:\/\/www.facebook.com\/ermitanoexpediciones\/\" \/>\n<meta property=\"article:modified_time\" content=\"2025-12-26T10:30:03+00:00\" \/>\n<meta property=\"og:image\" content=\"https:\/\/www.ermitanoexpediciones.com\/wp-content\/uploads\/DSC_6917-scaled.jpg\" \/>\n\t<meta property=\"og:image:width\" content=\"2560\" \/>\n\t<meta property=\"og:image:height\" content=\"1440\" \/>\n\t<meta property=\"og:image:type\" content=\"image\/jpeg\" \/>\n<meta name=\"twitter:card\" content=\"summary_large_image\" \/>\n<script type=\"application\/ld+json\" class=\"yoast-schema-graph\">{\"@context\":\"https:\/\/schema.org\",\"@graph\":[{\"@type\":\"WebPage\",\"@id\":\"https:\/\/www.ermitanoexpediciones.com\/nl\/404-2\/\",\"url\":\"https:\/\/www.ermitanoexpediciones.com\/nl\/404-2\/\",\"name\":\"404 - Ermitano Expediciones\",\"isPartOf\":{\"@id\":\"https:\/\/www.ermitanoexpediciones.com\/nl\/#website\"},\"primaryImageOfPage\":{\"@id\":\"https:\/\/www.ermitanoexpediciones.com\/nl\/404-2\/#primaryimage\"},\"image\":{\"@id\":\"https:\/\/www.ermitanoexpediciones.com\/nl\/404-2\/#primaryimage\"},\"thumbnailUrl\":\"https:\/\/www.ermitanoexpediciones.com\/wp-content\/uploads\/DSC_6917-scaled.jpg\",\"datePublished\":\"2023-08-13T15:46:08+00:00\",\"dateModified\":\"2025-12-26T10:30:03+00:00\",\"description\":\"Pagina niet gevonden. Misschien ben je verdwaald, maar je kunt nog steeds meedoen aan het avontuur met Ermita\u00f1o Expediciones. Bekijk onze tours vanuit Puc\u00f3n!\",\"breadcrumb\":{\"@id\":\"https:\/\/www.ermitanoexpediciones.com\/nl\/404-2\/#breadcrumb\"},\"inLanguage\":\"nl-NL\",\"potentialAction\":[{\"@type\":\"ReadAction\",\"target\":[\"https:\/\/www.ermitanoexpediciones.com\/nl\/404-2\/\"]}]},{\"@type\":\"ImageObject\",\"inLanguage\":\"nl-NL\",\"@id\":\"https:\/\/www.ermitanoexpediciones.com\/nl\/404-2\/#primaryimage\",\"url\":\"https:\/\/www.ermitanoexpediciones.com\/wp-content\/uploads\/DSC_6917-scaled.jpg\",\"contentUrl\":\"https:\/\/www.ermitanoexpediciones.com\/wp-content\/uploads\/DSC_6917-scaled.jpg\",\"width\":2560,\"height\":1440},{\"@type\":\"BreadcrumbList\",\"@id\":\"https:\/\/www.ermitanoexpediciones.com\/nl\/404-2\/#breadcrumb\",\"itemListElement\":[{\"@type\":\"ListItem\",\"position\":1,\"name\":\"Accueil\",\"item\":\"https:\/\/www.ermitanoexpediciones.com\/nl\/\"},{\"@type\":\"ListItem\",\"position\":2,\"name\":\"404\"}]},{\"@type\":\"WebSite\",\"@id\":\"https:\/\/www.ermitanoexpediciones.com\/nl\/#website\",\"url\":\"https:\/\/www.ermitanoexpediciones.com\/nl\/\",\"name\":\"Ermita\u00f1o Expediciones\",\"description\":\"Agencia de turismo en Puc\u00f3n, Araucan\u00eda, Chile\",\"publisher\":{\"@id\":\"https:\/\/www.ermitanoexpediciones.com\/nl\/#organization\"},\"potentialAction\":[{\"@type\":\"SearchAction\",\"target\":{\"@type\":\"EntryPoint\",\"urlTemplate\":\"https:\/\/www.ermitanoexpediciones.com\/nl\/?s={search_term_string}\"},\"query-input\":{\"@type\":\"PropertyValueSpecification\",\"valueRequired\":true,\"valueName\":\"search_term_string\"}}],\"inLanguage\":\"nl-NL\"},{\"@type\":\"Organization\",\"@id\":\"https:\/\/www.ermitanoexpediciones.com\/nl\/#organization\",\"name\":\"Ermita\u00f1o Expediciones\",\"url\":\"https:\/\/www.ermitanoexpediciones.com\/nl\/\",\"logo\":{\"@type\":\"ImageObject\",\"inLanguage\":\"nl-NL\",\"@id\":\"https:\/\/www.ermitanoexpediciones.com\/nl\/#\/schema\/logo\/image\/\",\"url\":\"https:\/\/www.ermitanoexpediciones.com\/wp-content\/uploads\/2020\/07\/logo.png\",\"contentUrl\":\"https:\/\/www.ermitanoexpediciones.com\/wp-content\/uploads\/2020\/07\/logo.png\",\"width\":398,\"height\":107,\"caption\":\"Ermita\u00f1o Expediciones\"},\"image\":{\"@id\":\"https:\/\/www.ermitanoexpediciones.com\/nl\/#\/schema\/logo\/image\/\"},\"sameAs\":[\"https:\/\/www.facebook.com\/ermitanoexpediciones\/\",\"https:\/\/www.instagram.com\/ermitanoexpediciones\/\",\"https:\/\/www.youtube.com\/channel\/UCKrNzWQgsfzCnZ7nl2T-wVQ\/videos\"]}]}<\/script>\n<!-- \/ Yoast SEO plugin. -->","yoast_head_json":{"title":"404 - Ermitano Expediciones","description":"Pagina niet gevonden. Misschien ben je verdwaald, maar je kunt nog steeds meedoen aan het avontuur met Ermita\u00f1o Expediciones. Bekijk onze tours vanuit Puc\u00f3n!","robots":{"index":"index","follow":"follow","max-snippet":"max-snippet:-1","max-image-preview":"max-image-preview:large","max-video-preview":"max-video-preview:-1"},"canonical":"https:\/\/www.ermitanoexpediciones.com\/nl\/404-2\/","og_locale":"nl_NL","og_type":"article","og_title":"404 - Ermitano Expediciones","og_description":"Pagina niet gevonden. Misschien ben je verdwaald, maar je kunt nog steeds meedoen aan het avontuur met Ermita\u00f1o Expediciones. Bekijk onze tours vanuit Puc\u00f3n!","og_url":"https:\/\/www.ermitanoexpediciones.com\/nl\/404-2\/","og_site_name":"Ermitano Expediciones","article_publisher":"https:\/\/www.facebook.com\/ermitanoexpediciones\/","article_modified_time":"2025-12-26T10:30:03+00:00","og_image":[{"width":2560,"height":1440,"url":"https:\/\/www.ermitanoexpediciones.com\/wp-content\/uploads\/DSC_6917-scaled.jpg","type":"image\/jpeg"}],"twitter_card":"summary_large_image","schema":{"@context":"https:\/\/schema.org","@graph":[{"@type":"WebPage","@id":"https:\/\/www.ermitanoexpediciones.com\/nl\/404-2\/","url":"https:\/\/www.ermitanoexpediciones.com\/nl\/404-2\/","name":"404 - Ermitano Expediciones","isPartOf":{"@id":"https:\/\/www.ermitanoexpediciones.com\/nl\/#website"},"primaryImageOfPage":{"@id":"https:\/\/www.ermitanoexpediciones.com\/nl\/404-2\/#primaryimage"},"image":{"@id":"https:\/\/www.ermitanoexpediciones.com\/nl\/404-2\/#primaryimage"},"thumbnailUrl":"https:\/\/www.ermitanoexpediciones.com\/wp-content\/uploads\/DSC_6917-scaled.jpg","datePublished":"2023-08-13T15:46:08+00:00","dateModified":"2025-12-26T10:30:03+00:00","description":"Pagina niet gevonden. Misschien ben je verdwaald, maar je kunt nog steeds meedoen aan het avontuur met Ermita\u00f1o Expediciones. Bekijk onze tours vanuit Puc\u00f3n!","breadcrumb":{"@id":"https:\/\/www.ermitanoexpediciones.com\/nl\/404-2\/#breadcrumb"},"inLanguage":"nl-NL","potentialAction":[{"@type":"ReadAction","target":["https:\/\/www.ermitanoexpediciones.com\/nl\/404-2\/"]}]},{"@type":"ImageObject","inLanguage":"nl-NL","@id":"https:\/\/www.ermitanoexpediciones.com\/nl\/404-2\/#primaryimage","url":"https:\/\/www.ermitanoexpediciones.com\/wp-content\/uploads\/DSC_6917-scaled.jpg","contentUrl":"https:\/\/www.ermitanoexpediciones.com\/wp-content\/uploads\/DSC_6917-scaled.jpg","width":2560,"height":1440},{"@type":"BreadcrumbList","@id":"https:\/\/www.ermitanoexpediciones.com\/nl\/404-2\/#breadcrumb","itemListElement":[{"@type":"ListItem","position":1,"name":"Accueil","item":"https:\/\/www.ermitanoexpediciones.com\/nl\/"},{"@type":"ListItem","position":2,"name":"404"}]},{"@type":"WebSite","@id":"https:\/\/www.ermitanoexpediciones.com\/nl\/#website","url":"https:\/\/www.ermitanoexpediciones.com\/nl\/","name":"Ermita\u00f1o Expediciones","description":"Agencia de turismo en Puc\u00f3n, Araucan\u00eda, Chile","publisher":{"@id":"https:\/\/www.ermitanoexpediciones.com\/nl\/#organization"},"potentialAction":[{"@type":"SearchAction","target":{"@type":"EntryPoint","urlTemplate":"https:\/\/www.ermitanoexpediciones.com\/nl\/?s={search_term_string}"},"query-input":{"@type":"PropertyValueSpecification","valueRequired":true,"valueName":"search_term_string"}}],"inLanguage":"nl-NL"},{"@type":"Organization","@id":"https:\/\/www.ermitanoexpediciones.com\/nl\/#organization","name":"Ermita\u00f1o Expediciones","url":"https:\/\/www.ermitanoexpediciones.com\/nl\/","logo":{"@type":"ImageObject","inLanguage":"nl-NL","@id":"https:\/\/www.ermitanoexpediciones.com\/nl\/#\/schema\/logo\/image\/","url":"https:\/\/www.ermitanoexpediciones.com\/wp-content\/uploads\/2020\/07\/logo.png","contentUrl":"https:\/\/www.ermitanoexpediciones.com\/wp-content\/uploads\/2020\/07\/logo.png","width":398,"height":107,"caption":"Ermita\u00f1o Expediciones"},"image":{"@id":"https:\/\/www.ermitanoexpediciones.com\/nl\/#\/schema\/logo\/image\/"},"sameAs":["https:\/\/www.facebook.com\/ermitanoexpediciones\/","https:\/\/www.instagram.com\/ermitanoexpediciones\/","https:\/\/www.youtube.com\/channel\/UCKrNzWQgsfzCnZ7nl2T-wVQ\/videos"]}]}},"_links":{"self":[{"href":"https:\/\/www.ermitanoexpediciones.com\/nl\/wp-json\/wp\/v2\/pages\/18000","targetHints":{"allow":["GET"]}}],"collection":[{"href":"https:\/\/www.ermitanoexpediciones.com\/nl\/wp-json\/wp\/v2\/pages"}],"about":[{"href":"https:\/\/www.ermitanoexpediciones.com\/nl\/wp-json\/wp\/v2\/types\/page"}],"author":[{"embeddable":true,"href":"https:\/\/www.ermitanoexpediciones.com\/nl\/wp-json\/wp\/v2\/users\/1"}],"replies":[{"embeddable":true,"href":"https:\/\/www.ermitanoexpediciones.com\/nl\/wp-json\/wp\/v2\/comments?post=18000"}],"version-history":[{"count":4,"href":"https:\/\/www.ermitanoexpediciones.com\/nl\/wp-json\/wp\/v2\/pages\/18000\/revisions"}],"predecessor-version":[{"id":23170,"href":"https:\/\/www.ermitanoexpediciones.com\/nl\/wp-json\/wp\/v2\/pages\/18000\/revisions\/23170"}],"wp:featuredmedia":[{"embeddable":true,"href":"https:\/\/www.ermitanoexpediciones.com\/nl\/wp-json\/wp\/v2\/media\/18001"}],"wp:attachment":[{"href":"https:\/\/www.ermitanoexpediciones.com\/nl\/wp-json\/wp\/v2\/media?parent=18000"}],"wp:term":[{"taxonomy":"category","embeddable":true,"href":"https:\/\/www.ermitanoexpediciones.com\/nl\/wp-json\/wp\/v2\/categories?post=18000"}],"curies":[{"name":"wp","href":"https:\/\/api.w.org\/{rel}","templated":true}]}}