{"id":17116,"date":"2023-06-12T18:51:37","date_gmt":"2023-06-12T16:51:37","guid":{"rendered":"https:\/\/www.ermitanoexpediciones.com\/ermitano-expediciones-2\/"},"modified":"2023-06-12T18:51:38","modified_gmt":"2023-06-12T16:51:38","slug":"ermitano-expediciones-2","status":"publish","type":"page","link":"https:\/\/www.ermitanoexpediciones.com\/nl\/ermitano-expediciones-2\/","title":{"rendered":"Ermita\u00f1o Expediciones"},"content":{"rendered":"\t\t<div data-elementor-type=\"wp-page\" data-elementor-id=\"17116\" class=\"elementor elementor-17116 elementor-8996\">\n\t\t\t\t\t\t<section class=\"has_eae_slider elementor-section elementor-top-section elementor-element elementor-element-c10c62e elementor-section-boxed elementor-section-height-default elementor-section-height-default\" data-eae-slider=\"47844\" data-id=\"c10c62e\" data-element_type=\"section\" data-e-type=\"section\">\n\t\t\t\t\t\t<div class=\"elementor-container elementor-column-gap-default\">\n\t\t\t\t\t<div class=\"has_eae_slider elementor-column elementor-col-100 elementor-top-column elementor-element elementor-element-737f918\" data-eae-slider=\"44767\" data-id=\"737f918\" data-element_type=\"column\" data-e-type=\"column\" data-settings=\"{&quot;background_background&quot;:&quot;classic&quot;}\">\n\t\t\t<div class=\"elementor-widget-wrap elementor-element-populated\">\n\t\t\t\t\t\t<div class=\"elementor-element elementor-element-3d0c5cb elementor-widget elementor-widget-heading\" data-id=\"3d0c5cb\" data-element_type=\"widget\" data-e-type=\"widget\" data-widget_type=\"heading.default\">\n\t\t\t\t<div class=\"elementor-widget-container\">\n\t\t\t\t\t<h2 class=\"elementor-heading-title elementor-size-default\">Ermita\u00f1o Expediciones is een bureau voor avontuurlijk toerisme in Puc\u00f3n, in de regio Araucania, in het zuiden van Chili.<\/h2>\t\t\t\t<\/div>\n\t\t\t\t<\/div>\n\t\t\t\t\t<\/div>\n\t\t<\/div>\n\t\t\t\t\t<\/div>\n\t\t<\/section>\n\t\t<br \/>\n<b>Warning<\/b>:  Trying to access array offset on value of type null in <b>\/home\/clients\/773d3fcf028324d51a89526cf268849e\/web\/wp-content\/plugins\/elementor\/includes\/base\/controls-stack.php<\/b> on line <b>1647<\/b><br \/>\n<br \/>\n<b>Warning<\/b>:  Trying to access array offset on value of type null in <b>\/home\/clients\/773d3fcf028324d51a89526cf268849e\/web\/wp-content\/plugins\/elementor\/includes\/base\/controls-stack.php<\/b> on line <b>1649<\/b><br \/>\n\t\t<section class=\"has_eae_slider elementor-section elementor-top-section elementor-element elementor-element-d1a2a74 elementor-section-boxed elementor-section-height-default elementor-section-height-default\" data-eae-slider=\"71059\" data-id=\"d1a2a74\" data-element_type=\"section\" data-e-type=\"section\">\n\t\t\t\t\t\t<div class=\"elementor-container elementor-column-gap-default\">\n\t\t\t\t\t<div class=\"has_eae_slider elementor-column elementor-col-33 elementor-top-column elementor-element elementor-element-2a36299\" data-eae-slider=\"55916\" data-id=\"2a36299\" data-element_type=\"column\" data-e-type=\"column\">\n\t\t\t<div class=\"elementor-widget-wrap elementor-element-populated\">\n\t\t\t\t<br \/>\n<b>Warning<\/b>:  Trying to access array offset on value of type null in <b>\/home\/clients\/773d3fcf028324d51a89526cf268849e\/web\/wp-content\/plugins\/elementor\/includes\/base\/controls-stack.php<\/b> on line <b>1647<\/b><br \/>\n<br \/>\n<b>Warning<\/b>:  Trying to access array offset on value of type null in <b>\/home\/clients\/773d3fcf028324d51a89526cf268849e\/web\/wp-content\/plugins\/elementor\/includes\/base\/controls-stack.php<\/b> on line <b>1649<\/b><br \/>\n\t\t<div class=\"elementor-element elementor-element-0ad61db animated-fast elementor-widget elementor-widget-activite\" data-id=\"0ad61db\" data-element_type=\"widget\" data-e-type=\"widget\" data-settings=\"{&quot;_animation&quot;:&quot;none&quot;,&quot;_animation_delay&quot;:100}\" data-widget_type=\"activite.default\">\n\t\t\t\t<div class=\"elementor-widget-container\">\n\t\t\t\t\t\n\t\t<a href=\"https:\/\/www.ermitanoexpediciones.com\/montana\/\" class=\"activite large desc\">\n\t\t\t<div class=\"bg\" style=\"background-image: url('https:\/\/www.ermitanoexpediciones.com\/wp-content\/uploads\/volcan-villarrica-durant-la-montee-17-450x350.jpg');\"><\/div>\n\t\t\t\n\t\t\t<h3>Monta\u00f1a<\/h3>\n\t\t\t\n\t\t\t<div class=\"description\">\n\t\t\t\t\n\t\t\t\t\n\t\t\t<\/div>\n\t\t\n\t\t<\/a>\n\t\t\t\t\t\t<\/div>\n\t\t\t\t<\/div>\n\t\t\t\t\t<\/div>\n\t\t<\/div>\n\t\t\t\t<div class=\"has_eae_slider elementor-column elementor-col-33 elementor-top-column elementor-element elementor-element-b4da09c\" data-eae-slider=\"20310\" data-id=\"b4da09c\" data-element_type=\"column\" data-e-type=\"column\">\n\t\t\t<div class=\"elementor-widget-wrap elementor-element-populated\">\n\t\t\t\t\t\t<div class=\"elementor-element elementor-element-1161b00 elementor-widget elementor-widget-activite\" data-id=\"1161b00\" data-element_type=\"widget\" data-e-type=\"widget\" data-widget_type=\"activite.default\">\n\t\t\t\t<div class=\"elementor-widget-container\">\n\t\t\t\t\t\n\t\t<a href=\"https:\/\/www.ermitanoexpediciones.com\/trekkings\/\" class=\"activite large desc\">\n\t\t\t<div class=\"bg\" style=\"background-image: url('https:\/\/www.ermitanoexpediciones.com\/wp-content\/uploads\/Parc-national-huerquehue-3-450x350.jpg');\"><\/div>\n\t\t\t\n\t\t\t<h3>Trekkings<\/h3>\n\t\t\t\n\t\t\t<div class=\"description\">\n\t\t\t\t\n\t\t\t\t\n\t\t\t<\/div>\n\t\t\n\t\t<\/a>\n\t\t\t\t\t\t<\/div>\n\t\t\t\t<\/div>\n\t\t\t\t\t<\/div>\n\t\t<\/div>\n\t\t\t\t<div class=\"has_eae_slider elementor-column elementor-col-33 elementor-top-column elementor-element elementor-element-7607e45\" data-eae-slider=\"67988\" data-id=\"7607e45\" data-element_type=\"column\" data-e-type=\"column\">\n\t\t\t<div class=\"elementor-widget-wrap elementor-element-populated\">\n\t\t\t\t\t\t<div class=\"elementor-element elementor-element-8f0d5f1 elementor-widget elementor-widget-activite\" data-id=\"8f0d5f1\" data-element_type=\"widget\" data-e-type=\"widget\" data-widget_type=\"activite.default\">\n\t\t\t\t<div class=\"elementor-widget-container\">\n\t\t\t\t\t\n\t\t<a href=\"https:\/\/www.ermitanoexpediciones.com\/tours\/\" class=\"activite large desc\">\n\t\t\t<div class=\"bg\" style=\"background-image: url('https:\/\/www.ermitanoexpediciones.com\/wp-content\/uploads\/cabalgata-balade-cheval-2-1-450x350.jpg');\"><\/div>\n\t\t\t\n\t\t\t<h3>Tours<\/h3>\n\t\t\t\n\t\t\t<div class=\"description\">\n\t\t\t\t\n\t\t\t\t\n\t\t\t<\/div>\n\t\t\n\t\t<\/a>\n\t\t\t\t\t\t<\/div>\n\t\t\t\t<\/div>\n\t\t\t\t\t<\/div>\n\t\t<\/div>\n\t\t\t\t\t<\/div>\n\t\t<\/section>\n\t\t\t\t<section class=\"has_eae_slider elementor-section elementor-top-section elementor-element elementor-element-47d4393 elementor-section-boxed elementor-section-height-default elementor-section-height-default\" data-eae-slider=\"18967\" data-id=\"47d4393\" data-element_type=\"section\" data-e-type=\"section\">\n\t\t\t\t\t\t<div class=\"elementor-container elementor-column-gap-default\">\n\t\t\t\t\t<div class=\"has_eae_slider elementor-column elementor-col-100 elementor-top-column elementor-element elementor-element-848abba\" data-eae-slider=\"8902\" data-id=\"848abba\" data-element_type=\"column\" data-e-type=\"column\">\n\t\t\t<div class=\"elementor-widget-wrap elementor-element-populated\">\n\t\t\t\t\t\t<div class=\"elementor-element elementor-element-ac091de elementor-arrows-position-inside elementor-widget elementor-widget-image-carousel\" data-id=\"ac091de\" data-element_type=\"widget\" data-e-type=\"widget\" data-settings=\"{&quot;slides_to_show&quot;:&quot;1&quot;,&quot;pause_on_hover&quot;:&quot;no&quot;,&quot;navigation&quot;:&quot;arrows&quot;,&quot;autoplay_speed&quot;:3000,&quot;autoplay&quot;:&quot;yes&quot;,&quot;pause_on_interaction&quot;:&quot;yes&quot;,&quot;infinite&quot;:&quot;yes&quot;,&quot;effect&quot;:&quot;slide&quot;,&quot;speed&quot;:500}\" data-widget_type=\"image-carousel.default\">\n\t\t\t\t<div class=\"elementor-widget-container\">\n\t\t\t\t\t\t\t<div class=\"elementor-image-carousel-wrapper swiper\" role=\"region\" aria-roledescription=\"carousel\" aria-label=\"Afbeelding carrousel\" dir=\"ltr\">\n\t\t\t<div class=\"elementor-image-carousel swiper-wrapper\" aria-live=\"off\">\n\t\t\t\t\t\t\t\t<div class=\"swiper-slide\" role=\"group\" aria-roledescription=\"slide\" aria-label=\"1 van 6\"><figure class=\"swiper-slide-inner\"><img decoding=\"async\" class=\"swiper-slide-image\" src=\"https:\/\/www.ermitanoexpediciones.com\/wp-content\/uploads\/Parc-national-huerquehue-6-2048x500.jpg\" alt=\"Huerquehue Nationaal Park.\" \/><\/figure><\/div><div class=\"swiper-slide\" role=\"group\" aria-roledescription=\"slide\" aria-label=\"2 van 6\"><figure class=\"swiper-slide-inner\"><img decoding=\"async\" class=\"swiper-slide-image\" src=\"https:\/\/www.ermitanoexpediciones.com\/wp-content\/uploads\/volcan-villarrica-durant-la-montee-6-2048x500.jpg\" alt=\"Volcan Villarrica.\" \/><\/figure><\/div><div class=\"swiper-slide\" role=\"group\" aria-roledescription=\"slide\" aria-label=\"3 van 6\"><figure class=\"swiper-slide-inner\"><img decoding=\"async\" class=\"swiper-slide-image\" src=\"https:\/\/www.ermitanoexpediciones.com\/wp-content\/uploads\/volcan-villarrica-durant-la-montee-2-2048x500.jpg\" alt=\"Volcan Villarrica.\" \/><\/figure><\/div><div class=\"swiper-slide\" role=\"group\" aria-roledescription=\"slide\" aria-label=\"4 van 6\"><figure class=\"swiper-slide-inner\"><img decoding=\"async\" class=\"swiper-slide-image\" src=\"https:\/\/www.ermitanoexpediciones.com\/wp-content\/uploads\/villarrica-vue-sur-volcan-1-2048x500.jpg\" alt=\"Villarrica vulkaan.\" \/><\/figure><\/div><div class=\"swiper-slide\" role=\"group\" aria-roledescription=\"slide\" aria-label=\"5 van 6\"><figure class=\"swiper-slide-inner\"><img decoding=\"async\" class=\"swiper-slide-image\" src=\"https:\/\/www.ermitanoexpediciones.com\/wp-content\/uploads\/cabalgata-balade-cheval-2-3-2048x500.jpg\" alt=\"cabalgata\" \/><\/figure><\/div><div class=\"swiper-slide\" role=\"group\" aria-roledescription=\"slide\" aria-label=\"6 van 6\"><figure class=\"swiper-slide-inner\"><img decoding=\"async\" class=\"swiper-slide-image\" src=\"https:\/\/www.ermitanoexpediciones.com\/wp-content\/uploads\/IMG_6202-2048x500.jpg\" alt=\"Rafting.\" \/><\/figure><\/div>\t\t\t<\/div>\n\t\t\t\t\t\t\t\t\t\t\t\t<div class=\"elementor-swiper-button elementor-swiper-button-prev\" role=\"button\" tabindex=\"0\">\n\t\t\t\t\t\t<i aria-hidden=\"true\" class=\"eicon-chevron-left\"><\/i>\t\t\t\t\t<\/div>\n\t\t\t\t\t<div class=\"elementor-swiper-button elementor-swiper-button-next\" role=\"button\" tabindex=\"0\">\n\t\t\t\t\t\t<i aria-hidden=\"true\" class=\"eicon-chevron-right\"><\/i>\t\t\t\t\t<\/div>\n\t\t\t\t\n\t\t\t\t\t\t\t\t\t<\/div>\n\t\t\t\t\t\t<\/div>\n\t\t\t\t<\/div>\n\t\t\t\t\t<\/div>\n\t\t<\/div>\n\t\t\t\t\t<\/div>\n\t\t<\/section>\n\t\t\t\t<section class=\"has_eae_slider elementor-section elementor-top-section elementor-element elementor-element-fb09954 elementor-section-boxed elementor-section-height-default elementor-section-height-default\" data-eae-slider=\"50244\" data-id=\"fb09954\" data-element_type=\"section\" data-e-type=\"section\">\n\t\t\t\t\t\t<div class=\"elementor-container elementor-column-gap-default\">\n\t\t\t\t\t<div class=\"has_eae_slider elementor-column elementor-col-50 elementor-top-column elementor-element elementor-element-d78eb5c\" data-eae-slider=\"52426\" data-id=\"d78eb5c\" data-element_type=\"column\" data-e-type=\"column\">\n\t\t\t<div class=\"elementor-widget-wrap elementor-element-populated\">\n\t\t\t\t\t\t<div class=\"elementor-element elementor-element-7ff724e elementor-widget elementor-widget-activite\" data-id=\"7ff724e\" data-element_type=\"widget\" data-e-type=\"widget\" data-widget_type=\"activite.default\">\n\t\t\t\t<div class=\"elementor-widget-container\">\n\t\t\t\t\t\n\t\t<a href=\"https:\/\/www.ermitanoexpediciones.com\/agua\/\" class=\"activite large desc\">\n\t\t\t<div class=\"bg\" style=\"background-image: url('https:\/\/www.ermitanoexpediciones.com\/wp-content\/uploads\/IMG_6202-450x350.jpg');\"><\/div>\n\t\t\t\n\t\t\t<h3>Agua<\/h3>\n\t\t\t\n\t\t\t<div class=\"description\">\n\t\t\t\t\n\t\t\t\t\n\t\t\t<\/div>\n\t\t\n\t\t<\/a>\n\t\t\t\t\t\t<\/div>\n\t\t\t\t<\/div>\n\t\t\t\t\t<\/div>\n\t\t<\/div>\n\t\t\t\t<div class=\"has_eae_slider elementor-column elementor-col-50 elementor-top-column elementor-element elementor-element-9f90656\" data-eae-slider=\"4221\" data-id=\"9f90656\" data-element_type=\"column\" data-e-type=\"column\">\n\t\t\t<div class=\"elementor-widget-wrap elementor-element-populated\">\n\t\t\t\t\t\t<div class=\"elementor-element elementor-element-db93992 elementor-widget elementor-widget-activite\" data-id=\"db93992\" data-element_type=\"widget\" data-e-type=\"widget\" data-widget_type=\"activite.default\">\n\t\t\t\t<div class=\"elementor-widget-container\">\n\t\t\t\t\t\n\t\t<a href=\"https:\/\/www.ermitanoexpediciones.com\/termas\/\" class=\"activite large desc\">\n\t\t\t<div class=\"bg\" style=\"background-image: url('https:\/\/www.ermitanoexpediciones.com\/wp-content\/uploads\/termas-los-pozones-12.jpg');\"><\/div>\n\t\t\t\n\t\t\t<h3>Termas<\/h3>\n\t\t\t\n\t\t\t<div class=\"description\">\n\t\t\t\t\n\t\t\t\t\n\t\t\t<\/div>\n\t\t\n\t\t<\/a>\n\t\t\t\t\t\t<\/div>\n\t\t\t\t<\/div>\n\t\t\t\t\t<\/div>\n\t\t<\/div>\n\t\t\t\t\t<\/div>\n\t\t<\/section>\n\t\t\t\t<section class=\"has_eae_slider elementor-section elementor-top-section elementor-element elementor-element-e1f435e elementor-section-boxed elementor-section-height-default elementor-section-height-default\" data-eae-slider=\"53629\" data-id=\"e1f435e\" data-element_type=\"section\" data-e-type=\"section\">\n\t\t\t\t\t\t<div class=\"elementor-container elementor-column-gap-default\">\n\t\t\t\t\t<div class=\"has_eae_slider elementor-column elementor-col-100 elementor-top-column elementor-element elementor-element-b88b155\" data-eae-slider=\"26852\" data-id=\"b88b155\" data-element_type=\"column\" data-e-type=\"column\">\n\t\t\t<div class=\"elementor-widget-wrap elementor-element-populated\">\n\t\t\t\t\t\t<div class=\"elementor-element elementor-element-ba41655 elementor-widget elementor-widget-spacer\" data-id=\"ba41655\" data-element_type=\"widget\" data-e-type=\"widget\" data-widget_type=\"spacer.default\">\n\t\t\t\t<div class=\"elementor-widget-container\">\n\t\t\t\t\t\t\t<div class=\"elementor-spacer\">\n\t\t\t<div class=\"elementor-spacer-inner\"><\/div>\n\t\t<\/div>\n\t\t\t\t\t\t<\/div>\n\t\t\t\t<\/div>\n\t\t\t\t\t<\/div>\n\t\t<\/div>\n\t\t\t\t\t<\/div>\n\t\t<\/section>\n\t\t\t\t<\/div>\n\t\t","protected":false},"excerpt":{"rendered":"<p>Ermita\u00f1o Expediciones is een bureau voor avontuurlijk toerisme in Puc\u00f3n, in de regio Araucania, in het zuiden van Chili. Monta\u00f1a Trekkings Tours Previous Next Agua Termas<\/p>\n","protected":false},"author":1,"featured_media":15887,"parent":0,"menu_order":28,"comment_status":"closed","ping_status":"closed","template":"","meta":{"footnotes":""},"categories":[630],"class_list":["post-17116","page","type-page","status-publish","has-post-thumbnail","hentry","category-taal"],"yoast_head":"<!-- This site is optimized with the Yoast SEO plugin v27.2 - https:\/\/yoast.com\/product\/yoast-seo-wordpress\/ -->\n<title>Ermita\u00f1o Expediciones - Ermitano Expediciones<\/title>\n<meta name=\"description\" content=\"Bureau voor avontuurlijk toerisme in Puc\u00f3n, in de regio Araucania, in het zuiden van Chili. Avent\u00farate con nosotros!\" \/>\n<meta name=\"robots\" content=\"index, follow, max-snippet:-1, max-image-preview:large, max-video-preview:-1\" \/>\n<link rel=\"canonical\" href=\"https:\/\/www.ermitanoexpediciones.com\/nl\/ermitano-expediciones-2\/\" \/>\n<meta property=\"og:locale\" content=\"nl_NL\" \/>\n<meta property=\"og:type\" content=\"article\" \/>\n<meta property=\"og:title\" content=\"Ermita\u00f1o Expediciones - Ermitano Expediciones\" \/>\n<meta property=\"og:description\" content=\"Bureau voor avontuurlijk toerisme in Puc\u00f3n, in de regio Araucania, in het zuiden van Chili. Avent\u00farate con nosotros!\" \/>\n<meta property=\"og:url\" content=\"https:\/\/www.ermitanoexpediciones.com\/nl\/ermitano-expediciones-2\/\" \/>\n<meta property=\"og:site_name\" content=\"Ermitano Expediciones\" \/>\n<meta property=\"article:publisher\" content=\"https:\/\/www.facebook.com\/ermitanoexpediciones\/\" \/>\n<meta property=\"article:modified_time\" content=\"2023-06-12T16:51:38+00:00\" \/>\n<meta property=\"og:image\" content=\"https:\/\/www.ermitanoexpediciones.com\/wp-content\/uploads\/DSC_4790-scaled.jpg\" \/>\n\t<meta property=\"og:image:width\" content=\"2560\" \/>\n\t<meta property=\"og:image:height\" content=\"1440\" \/>\n\t<meta property=\"og:image:type\" content=\"image\/jpeg\" \/>\n<meta name=\"twitter:card\" content=\"summary_large_image\" \/>\n<script type=\"application\/ld+json\" class=\"yoast-schema-graph\">{\"@context\":\"https:\/\/schema.org\",\"@graph\":[{\"@type\":\"WebPage\",\"@id\":\"https:\/\/www.ermitanoexpediciones.com\/nl\/ermitano-expediciones-2\/\",\"url\":\"https:\/\/www.ermitanoexpediciones.com\/nl\/ermitano-expediciones-2\/\",\"name\":\"Ermita\u00f1o Expediciones - Ermitano Expediciones\",\"isPartOf\":{\"@id\":\"https:\/\/www.ermitanoexpediciones.com\/nl\/#website\"},\"primaryImageOfPage\":{\"@id\":\"https:\/\/www.ermitanoexpediciones.com\/nl\/ermitano-expediciones-2\/#primaryimage\"},\"image\":{\"@id\":\"https:\/\/www.ermitanoexpediciones.com\/nl\/ermitano-expediciones-2\/#primaryimage\"},\"thumbnailUrl\":\"https:\/\/www.ermitanoexpediciones.com\/wp-content\/uploads\/DSC_4790-scaled.jpg\",\"datePublished\":\"2023-06-12T16:51:37+00:00\",\"dateModified\":\"2023-06-12T16:51:38+00:00\",\"description\":\"Bureau voor avontuurlijk toerisme in Puc\u00f3n, in de regio Araucania, in het zuiden van Chili. Avent\u00farate con nosotros!\",\"breadcrumb\":{\"@id\":\"https:\/\/www.ermitanoexpediciones.com\/nl\/ermitano-expediciones-2\/#breadcrumb\"},\"inLanguage\":\"nl-NL\",\"potentialAction\":[{\"@type\":\"ReadAction\",\"target\":[\"https:\/\/www.ermitanoexpediciones.com\/nl\/ermitano-expediciones-2\/\"]}]},{\"@type\":\"ImageObject\",\"inLanguage\":\"nl-NL\",\"@id\":\"https:\/\/www.ermitanoexpediciones.com\/nl\/ermitano-expediciones-2\/#primaryimage\",\"url\":\"https:\/\/www.ermitanoexpediciones.com\/wp-content\/uploads\/DSC_4790-scaled.jpg\",\"contentUrl\":\"https:\/\/www.ermitanoexpediciones.com\/wp-content\/uploads\/DSC_4790-scaled.jpg\",\"width\":2560,\"height\":1440,\"caption\":\"Groep die de vulkaan Villarica beklimt\"},{\"@type\":\"BreadcrumbList\",\"@id\":\"https:\/\/www.ermitanoexpediciones.com\/nl\/ermitano-expediciones-2\/#breadcrumb\",\"itemListElement\":[{\"@type\":\"ListItem\",\"position\":1,\"name\":\"Accueil\",\"item\":\"https:\/\/www.ermitanoexpediciones.com\/nl\/\"},{\"@type\":\"ListItem\",\"position\":2,\"name\":\"Ermita\u00f1o Expediciones\"}]},{\"@type\":\"WebSite\",\"@id\":\"https:\/\/www.ermitanoexpediciones.com\/nl\/#website\",\"url\":\"https:\/\/www.ermitanoexpediciones.com\/nl\/\",\"name\":\"Ermita\u00f1o Expediciones\",\"description\":\"Agencia de turismo en Puc\u00f3n, Araucan\u00eda, Chile\",\"publisher\":{\"@id\":\"https:\/\/www.ermitanoexpediciones.com\/nl\/#organization\"},\"potentialAction\":[{\"@type\":\"SearchAction\",\"target\":{\"@type\":\"EntryPoint\",\"urlTemplate\":\"https:\/\/www.ermitanoexpediciones.com\/nl\/?s={search_term_string}\"},\"query-input\":{\"@type\":\"PropertyValueSpecification\",\"valueRequired\":true,\"valueName\":\"search_term_string\"}}],\"inLanguage\":\"nl-NL\"},{\"@type\":\"Organization\",\"@id\":\"https:\/\/www.ermitanoexpediciones.com\/nl\/#organization\",\"name\":\"Ermita\u00f1o Expediciones\",\"url\":\"https:\/\/www.ermitanoexpediciones.com\/nl\/\",\"logo\":{\"@type\":\"ImageObject\",\"inLanguage\":\"nl-NL\",\"@id\":\"https:\/\/www.ermitanoexpediciones.com\/nl\/#\/schema\/logo\/image\/\",\"url\":\"https:\/\/www.ermitanoexpediciones.com\/wp-content\/uploads\/2020\/07\/logo.png\",\"contentUrl\":\"https:\/\/www.ermitanoexpediciones.com\/wp-content\/uploads\/2020\/07\/logo.png\",\"width\":398,\"height\":107,\"caption\":\"Ermita\u00f1o Expediciones\"},\"image\":{\"@id\":\"https:\/\/www.ermitanoexpediciones.com\/nl\/#\/schema\/logo\/image\/\"},\"sameAs\":[\"https:\/\/www.facebook.com\/ermitanoexpediciones\/\",\"https:\/\/www.instagram.com\/ermitanoexpediciones\/\",\"https:\/\/www.youtube.com\/channel\/UCKrNzWQgsfzCnZ7nl2T-wVQ\/videos\"]}]}<\/script>\n<!-- \/ Yoast SEO plugin. -->","yoast_head_json":{"title":"Ermita\u00f1o Expediciones - Ermitano Expediciones","description":"Bureau voor avontuurlijk toerisme in Puc\u00f3n, in de regio Araucania, in het zuiden van Chili. Avent\u00farate con nosotros!","robots":{"index":"index","follow":"follow","max-snippet":"max-snippet:-1","max-image-preview":"max-image-preview:large","max-video-preview":"max-video-preview:-1"},"canonical":"https:\/\/www.ermitanoexpediciones.com\/nl\/ermitano-expediciones-2\/","og_locale":"nl_NL","og_type":"article","og_title":"Ermita\u00f1o Expediciones - Ermitano Expediciones","og_description":"Bureau voor avontuurlijk toerisme in Puc\u00f3n, in de regio Araucania, in het zuiden van Chili. Avent\u00farate con nosotros!","og_url":"https:\/\/www.ermitanoexpediciones.com\/nl\/ermitano-expediciones-2\/","og_site_name":"Ermitano Expediciones","article_publisher":"https:\/\/www.facebook.com\/ermitanoexpediciones\/","article_modified_time":"2023-06-12T16:51:38+00:00","og_image":[{"width":2560,"height":1440,"url":"https:\/\/www.ermitanoexpediciones.com\/wp-content\/uploads\/DSC_4790-scaled.jpg","type":"image\/jpeg"}],"twitter_card":"summary_large_image","schema":{"@context":"https:\/\/schema.org","@graph":[{"@type":"WebPage","@id":"https:\/\/www.ermitanoexpediciones.com\/nl\/ermitano-expediciones-2\/","url":"https:\/\/www.ermitanoexpediciones.com\/nl\/ermitano-expediciones-2\/","name":"Ermita\u00f1o Expediciones - Ermitano Expediciones","isPartOf":{"@id":"https:\/\/www.ermitanoexpediciones.com\/nl\/#website"},"primaryImageOfPage":{"@id":"https:\/\/www.ermitanoexpediciones.com\/nl\/ermitano-expediciones-2\/#primaryimage"},"image":{"@id":"https:\/\/www.ermitanoexpediciones.com\/nl\/ermitano-expediciones-2\/#primaryimage"},"thumbnailUrl":"https:\/\/www.ermitanoexpediciones.com\/wp-content\/uploads\/DSC_4790-scaled.jpg","datePublished":"2023-06-12T16:51:37+00:00","dateModified":"2023-06-12T16:51:38+00:00","description":"Bureau voor avontuurlijk toerisme in Puc\u00f3n, in de regio Araucania, in het zuiden van Chili. Avent\u00farate con nosotros!","breadcrumb":{"@id":"https:\/\/www.ermitanoexpediciones.com\/nl\/ermitano-expediciones-2\/#breadcrumb"},"inLanguage":"nl-NL","potentialAction":[{"@type":"ReadAction","target":["https:\/\/www.ermitanoexpediciones.com\/nl\/ermitano-expediciones-2\/"]}]},{"@type":"ImageObject","inLanguage":"nl-NL","@id":"https:\/\/www.ermitanoexpediciones.com\/nl\/ermitano-expediciones-2\/#primaryimage","url":"https:\/\/www.ermitanoexpediciones.com\/wp-content\/uploads\/DSC_4790-scaled.jpg","contentUrl":"https:\/\/www.ermitanoexpediciones.com\/wp-content\/uploads\/DSC_4790-scaled.jpg","width":2560,"height":1440,"caption":"Groep die de vulkaan Villarica beklimt"},{"@type":"BreadcrumbList","@id":"https:\/\/www.ermitanoexpediciones.com\/nl\/ermitano-expediciones-2\/#breadcrumb","itemListElement":[{"@type":"ListItem","position":1,"name":"Accueil","item":"https:\/\/www.ermitanoexpediciones.com\/nl\/"},{"@type":"ListItem","position":2,"name":"Ermita\u00f1o Expediciones"}]},{"@type":"WebSite","@id":"https:\/\/www.ermitanoexpediciones.com\/nl\/#website","url":"https:\/\/www.ermitanoexpediciones.com\/nl\/","name":"Ermita\u00f1o Expediciones","description":"Agencia de turismo en Puc\u00f3n, Araucan\u00eda, Chile","publisher":{"@id":"https:\/\/www.ermitanoexpediciones.com\/nl\/#organization"},"potentialAction":[{"@type":"SearchAction","target":{"@type":"EntryPoint","urlTemplate":"https:\/\/www.ermitanoexpediciones.com\/nl\/?s={search_term_string}"},"query-input":{"@type":"PropertyValueSpecification","valueRequired":true,"valueName":"search_term_string"}}],"inLanguage":"nl-NL"},{"@type":"Organization","@id":"https:\/\/www.ermitanoexpediciones.com\/nl\/#organization","name":"Ermita\u00f1o Expediciones","url":"https:\/\/www.ermitanoexpediciones.com\/nl\/","logo":{"@type":"ImageObject","inLanguage":"nl-NL","@id":"https:\/\/www.ermitanoexpediciones.com\/nl\/#\/schema\/logo\/image\/","url":"https:\/\/www.ermitanoexpediciones.com\/wp-content\/uploads\/2020\/07\/logo.png","contentUrl":"https:\/\/www.ermitanoexpediciones.com\/wp-content\/uploads\/2020\/07\/logo.png","width":398,"height":107,"caption":"Ermita\u00f1o Expediciones"},"image":{"@id":"https:\/\/www.ermitanoexpediciones.com\/nl\/#\/schema\/logo\/image\/"},"sameAs":["https:\/\/www.facebook.com\/ermitanoexpediciones\/","https:\/\/www.instagram.com\/ermitanoexpediciones\/","https:\/\/www.youtube.com\/channel\/UCKrNzWQgsfzCnZ7nl2T-wVQ\/videos"]}]}},"_links":{"self":[{"href":"https:\/\/www.ermitanoexpediciones.com\/nl\/wp-json\/wp\/v2\/pages\/17116","targetHints":{"allow":["GET"]}}],"collection":[{"href":"https:\/\/www.ermitanoexpediciones.com\/nl\/wp-json\/wp\/v2\/pages"}],"about":[{"href":"https:\/\/www.ermitanoexpediciones.com\/nl\/wp-json\/wp\/v2\/types\/page"}],"author":[{"embeddable":true,"href":"https:\/\/www.ermitanoexpediciones.com\/nl\/wp-json\/wp\/v2\/users\/1"}],"replies":[{"embeddable":true,"href":"https:\/\/www.ermitanoexpediciones.com\/nl\/wp-json\/wp\/v2\/comments?post=17116"}],"version-history":[{"count":1,"href":"https:\/\/www.ermitanoexpediciones.com\/nl\/wp-json\/wp\/v2\/pages\/17116\/revisions"}],"predecessor-version":[{"id":17117,"href":"https:\/\/www.ermitanoexpediciones.com\/nl\/wp-json\/wp\/v2\/pages\/17116\/revisions\/17117"}],"wp:featuredmedia":[{"embeddable":true,"href":"https:\/\/www.ermitanoexpediciones.com\/nl\/wp-json\/wp\/v2\/media\/15887"}],"wp:attachment":[{"href":"https:\/\/www.ermitanoexpediciones.com\/nl\/wp-json\/wp\/v2\/media?parent=17116"}],"wp:term":[{"taxonomy":"category","embeddable":true,"href":"https:\/\/www.ermitanoexpediciones.com\/nl\/wp-json\/wp\/v2\/categories?post=17116"}],"curies":[{"name":"wp","href":"https:\/\/api.w.org\/{rel}","templated":true}]}}